{"id":3,"date":"2020-03-22T13:12:22","date_gmt":"2020-03-22T13:12:22","guid":{"rendered":"http:\/\/die-krabbe-norddeich.de\/?page_id=3"},"modified":"2020-03-22T14:38:04","modified_gmt":"2020-03-22T14:38:04","slug":"privacy-policy","status":"publish","type":"page","link":"https:\/\/die-krabbe-norddeich.de\/?page_id=3","title":{"rendered":"Datenschutzerkl\u00e4rung"},"content":{"rendered":"\n<p><strong>1. Datenschutz auf\neinen Blick<\/strong>&nbsp;<strong>Allgemeine Hinweise<\/strong><\/p>\n\n\n\n<p>Die folgenden Hinweise\ngeben einen einfachen \u00dcberblick dar\u00fcber, was mit Ihren personenbezogenen\nDaten passiert, wenn Sie unsere Website besuchen. Personenbezogene Daten sind\nalle Daten, mit denen Sie pers\u00f6nlich identifiziert werden k\u00f6nnen.\nAusf\u00fchrliche Informationen zum Thema Datenschutz entnehmen Sie unserer unter\ndiesem Text aufgef\u00fchrten Datenschutzerkl\u00e4rung.<\/p>\n\n\n\n<p><strong>Datenerfassung auf unserer Website<\/strong><\/p>\n\n\n\n<p><strong>Wer ist verantwortlich\nf\u00fcr die Datenerfassung auf dieser Website?<\/strong><\/p>\n\n\n\n<p>Die Datenverarbeitung\nauf dieser Website erfolgt durch den Websitebetreiber. Dessen Kontaktdaten\nk\u00f6nnen Sie dem Impressum dieser Website entnehmen.<\/p>\n\n\n\n<p><strong>Wie erfassen wir Ihre\nDaten?<\/strong><\/p>\n\n\n\n<p>Ihre Daten werden zum\neinen dadurch erhoben, dass Sie uns diese mitteilen. Hierbei kann es sich z.B.\num Daten handeln, die Sie in ein Kontaktformular eingeben.<\/p>\n\n\n\n<p>Andere Daten werden\nautomatisch beim Besuch der Website durch unsere IT-Systeme erfasst. Das sind\nvor allem technische Daten (z.B. Internetbrowser, Betriebssystem oder Uhrzeit\ndes Seitenaufrufs). Die Erfassung dieser Daten erfolgt automatisch, sobald Sie\nunsere Website betreten.<\/p>\n\n\n\n<p><strong>Wof\u00fcr nutzen wir Ihre\nDaten?<\/strong><\/p>\n\n\n\n<p>Ein Teil der Daten\nwird erhoben, um eine fehlerfreie Bereitstellung der Website zu gew\u00e4hrleisten.\nAndere Daten k\u00f6nnen zur Analyse Ihres Nutzerverhaltens verwendet werden.<\/p>\n\n\n\n<p><strong>Welche Rechte haben\nSie bez\u00fcglich Ihrer Daten?<\/strong><\/p>\n\n\n\n<p>Sie haben jederzeit\ndas Recht unentgeltlich Auskunft \u00fcber Herkunft, Empf\u00e4nger und Zweck Ihrer\ngespeicherten personenbezogenen Daten zu erhalten. Sie haben au\u00dferdem ein\nRecht, die Berichtigung, Sperrung oder L\u00f6schung dieser Daten zu verlangen.\nHierzu sowie zu weiteren Fragen zum Thema Datenschutz k\u00f6nnen Sie sich\njederzeit unter der im Impressum angegebenen Adresse an uns wenden. Des\nWeiteren steht Ihnen ein Beschwerderecht bei der zust\u00e4ndigen Aufsichtsbeh\u00f6rde\nzu.<\/p>\n\n\n\n<p>Au\u00dferdem haben Sie das\nRecht, unter bestimmten Umst\u00e4nden die Einschr\u00e4nkung der Verarbeitung Ihrer\npersonenbezogenen Daten zu verlangen. Details hierzu entnehmen Sie der\nDatenschutzerkl\u00e4rung unter \u201eRecht auf Einschr\u00e4nkung der Verarbeitung\u201c.<\/p>\n\n\n\n<p><strong>2. Allgemeine Hinweise\nund Pflichtinformationen<\/strong>&nbsp;<strong>Datenschutz<\/strong><\/p>\n\n\n\n<p>Die Betreiber dieser\nSeiten nehmen den Schutz Ihrer pers\u00f6nlichen Daten sehr ernst. Wir behandeln\nIhre personenbezogenen Daten vertraulich und entsprechend der gesetzlichen\nDatenschutzvorschriften sowie dieser Datenschutzerkl\u00e4rung.<\/p>\n\n\n\n<p>Wenn Sie diese Website\nbenutzen, werden verschiedene personenbezogene Daten erhoben. Personenbezogene\nDaten sind Daten, mit denen Sie pers\u00f6nlich identifiziert werden k\u00f6nnen. Die\nvorliegende Datenschutzerkl\u00e4rung erl\u00e4utert, welche Daten wir erheben und\nwof\u00fcr wir sie nutzen. Sie erl\u00e4utert auch, wie<\/p>\n\n\n\n<p>3\/ 8<\/p>\n\n\n\n<p>und zu welchem Zweck\ndas geschieht.<\/p>\n\n\n\n<p>Wir weisen darauf hin,\ndass die Daten\u00fcbertragung im Internet (z.B. bei der Kommunikation per E-Mail)\nSicherheitsl\u00fccken aufweisen kann. Ein l\u00fcckenloser Schutz der Daten vor dem\nZugriff durch Dritte ist nicht m\u00f6glich.<\/p>\n\n\n\n<p><strong>Hinweis zur verantwortlichen Stelle<\/strong><\/p>\n\n\n\n<p>Die verantwortliche\nStelle f\u00fcr die Datenverarbeitung auf dieser Website ist:<\/p>\n\n\n\n<p>Eva Eckhardt\nNordmeerstr. 21 26506 Norden<\/p>\n\n\n\n<p>Telefon: 04931\/9552274\nE-Mail: eva-eckhardt@gmx.de<\/p>\n\n\n\n<p>Verantwortliche Stelle\nist die nat\u00fcrliche oder juristische Person, die allein oder gemeinsam mit\nanderen \u00fcber die Zwecke und Mittel der Verarbeitung von personenbezogenen\nDaten (z.B. Namen, E-Mail-Adressen o. \u00c4.) entscheidet.<\/p>\n\n\n\n<p><strong>Widerruf Ihrer Einwilligung zur\nDatenverarbeitung<\/strong><\/p>\n\n\n\n<p>Viele\nDatenverarbeitungsvorg\u00e4nge sind nur mit Ihrer ausdr\u00fccklichen Einwilligung\nm\u00f6glich. Sie k\u00f6nnen eine bereits erteilte Einwilligung jederzeit widerrufen.\nDazu reicht eine formlose Mitteilung per E-Mail an uns. Die Rechtm\u00e4\u00dfigkeit der\nbis zum Widerruf erfolgten Datenverarbeitung bleibt vom Widerruf unber\u00fchrt.<\/p>\n\n\n\n<p><strong>Widerspruchsrecht gegen die\nDatenerhebung in besonderen F\u00e4llen sowie gegen Direktwerbung (Art. 21 DSGVO)<\/strong><\/p>\n\n\n\n<p><strong>Wenn die\nDatenverarbeitung auf Grundlage von Art. 6 Abs. 1 lit. e oder f DSGVO erfolgt,\nhaben Sie jederzeit das Recht, aus Gr\u00fcnden, die sich aus Ihrer besonderen\nSituation ergeben, gegen die Verarbeitung Ihrer personenbezogenen Daten\nWiderspruch einzulegen; dies gilt auch f\u00fcr ein auf diese Bestimmungen\ngest\u00fctztes Profiling. Die jeweilige Rechtsgrundlage, auf denen eine\nVerarbeitung beruht, entnehmen Sie dieser Datenschutzerkl\u00e4rung. Wenn Sie\nWiderspruch einlegen, werden wir Ihre betroffenen personenbezogenen Daten nicht\nmehr verarbeiten, es sei denn, wir k\u00f6nnen zwingende schutzw\u00fcrdige Gr\u00fcnde\nf\u00fcr die Verarbeitung nachweisen, die Ihre Interessen, Rechte und Freiheiten\n\u00fcberwiegen oder die Verarbeitung dient der Geltendmachung, Aus\u00fcbung oder\nVerteidigung von Rechtsanspr\u00fcchen (Widerspruch nach Art. 21 Abs. 1 DSGVO).<\/strong><\/p>\n\n\n\n<p><strong>Werden Ihre\npersonenbezogenen Daten verarbeitet, um Direktwerbung zu betreiben, so haben\nSie das Recht, jederzeit Widerspruch gegen die Verarbeitung Sie betreffender\npersonenbezogener Daten zum Zwecke derartiger Werbung einzulegen; dies gilt\nauch f\u00fcr das Profiling, soweit es mit solcher Direktwerbung in Verbindung\nsteht. Wenn Sie widersprechen, werden Ihre personenbezogenen Daten anschlie\u00dfend\nnicht mehr zum Zwecke der Direktwerbung verwendet (Widerspruch nach Art. 21\nAbs. 2 DSGVO).<\/strong><\/p>\n\n\n\n<p><strong>Beschwerderecht bei der zust\u00e4ndigen\nAufsichtsbeh\u00f6rde<\/strong><\/p>\n\n\n\n<p>Im Falle von\nVerst\u00f6\u00dfen gegen die DSGVO steht den Betroffenen ein Beschwerderecht bei einer\nAufsichtsbeh\u00f6rde, insbesondere in dem Mitgliedstaat ihres gew\u00f6hnlichen\nAufenthalts, ihres Arbeitsplatzes oder des Orts des mutma\u00dflichen Versto\u00dfes zu.\nDas Beschwerderecht besteht unbeschadet anderweitiger verwaltungsrechtlicher\noder gerichtlicher Rechtsbehelfe.<\/p>\n\n\n\n<p>4\/ 8<\/p>\n\n\n\n<p><strong>Recht auf Daten\u00fcbertragbarkeit<\/strong><\/p>\n\n\n\n<p>Sie haben das Recht,\nDaten, die wir auf Grundlage Ihrer Einwilligung oder in Erf\u00fcllung eines\nVertrags automatisiert verarbeiten, an sich oder an einen Dritten in einem\ng\u00e4ngigen, maschinenlesbaren Format aush\u00e4ndigen zu lassen. Sofern Sie die\ndirekte \u00dcbertragung der Daten an einen anderen Verantwortlichen verlangen,\nerfolgt dies nur, soweit es technisch machbar ist.<\/p>\n\n\n\n<p><strong>Auskunft, Sperrung, L\u00f6schung und\nBerichtigung<\/strong><\/p>\n\n\n\n<p>Sie haben im Rahmen\nder geltenden gesetzlichen Bestimmungen jederzeit das Recht auf unentgeltliche\nAuskunft \u00fcber Ihre gespeicherten personenbezogenen Daten, deren Herkunft und\nEmpf\u00e4nger und den Zweck der Datenverarbeitung und ggf. ein Recht auf\nBerichtigung, Sperrung oder L\u00f6schung dieser Daten. Hierzu sowie zu weiteren\nFragen zum Thema personenbezogene Daten k\u00f6nnen Sie sich jederzeit unter der im\nImpressum angegebenen Adresse an uns wenden.<\/p>\n\n\n\n<p><strong>Recht auf Einschr\u00e4nkung der\nVerarbeitung<\/strong><\/p>\n\n\n\n<p>Sie haben das Recht,\ndie Einschr\u00e4nkung der Verarbeitung Ihrer personenbezogenen Daten zu verlangen.\nHierzu k\u00f6nnen Sie sich jederzeit unter der im Impressum angegebenen Adresse an\nuns wenden. Das Recht auf Einschr\u00e4nkung der Verarbeitung besteht in folgenden\nF\u00e4llen:<\/p>\n\n\n\n<p>Wenn Sie die\nRichtigkeit Ihrer bei uns gespeicherten personenbezogenen Daten bestreiten,\nben\u00f6tigen wir in der Regel Zeit, um dies zu \u00fcberpr\u00fcfen. F\u00fcr die Dauer der\nPr\u00fcfung haben Sie das Recht, die Einschr\u00e4nkung der Verarbeitung Ihrer personenbezogenen\nDaten zu verlangen.<br>\nWenn die Verarbeitung Ihrer personenbezogenen Daten unrechtm\u00e4\u00dfig geschah \/\ngeschieht, k\u00f6nnen Sie statt der L\u00f6schung die Einschr\u00e4nkung der\nDatenverarbeitung verlangen.<\/p>\n\n\n\n<p>Wenn wir Ihre\npersonenbezogenen Daten nicht mehr ben\u00f6tigen, Sie sie jedoch zur Aus\u00fcbung,\nVerteidigung oder Geltendmachung von Rechtsanspr\u00fcchen ben\u00f6tigen, haben Sie\ndas Recht, statt der L\u00f6schung die Einschr\u00e4nkung der Verarbeitung Ihrer\npersonenbezogenen Daten zu verlangen.<br>\nWenn Sie einen Widerspruch nach Art. 21 Abs. 1 DSGVO eingelegt haben, muss eine\nAbw\u00e4gung zwischen Ihren und unseren Interessen vorgenommen werden. Solange\nnoch nicht feststeht, wessen Interessen \u00fcberwiegen, haben Sie das Recht, die\nEinschr\u00e4nkung der Verarbeitung Ihrer personenbezogenen Daten zu verlangen.<\/p>\n\n\n\n<p>Wenn Sie die\nVerarbeitung Ihrer personenbezogenen Daten eingeschr\u00e4nkt haben, d\u00fcrfen diese\nDaten \u2013 von ihrer Speicherung abgesehen \u2013 nur mit Ihrer Einwilligung oder zur\nGeltendmachung, Aus\u00fcbung oder Verteidigung von Rechtsanspr\u00fcchen oder zum\nSchutz der Rechte einer anderen nat\u00fcrlichen oder juristischen Person oder aus\nGr\u00fcnden eines wichtigen \u00f6ffentlichen Interesses der Europ\u00e4ischen Union oder\neines Mitgliedstaats verarbeitet werden.<\/p>\n\n\n\n<p><strong>3. Datenerfassung auf\nunserer Website<\/strong>&nbsp;<strong>Cookies<\/strong><\/p>\n\n\n\n<p>Die Internetseiten\nverwenden teilweise so genannte Cookies. Cookies richten auf Ihrem Rechner\nkeinen Schaden an und enthalten keine Viren. Cookies dienen dazu, unser Angebot\nnutzerfreundlicher, effektiver und sicherer zu machen. Cookies sind kleine Textdateien,\ndie auf Ihrem Rechner abgelegt werden und die Ihr Browser speichert.<\/p>\n\n\n\n<p>Die meisten der von\nuns verwendeten Cookies sind so genannte \u201cSession-Cookies\u201d. Sie werden nach\nEnde Ihres Besuchs automatisch gel\u00f6scht. Andere Cookies bleiben auf Ihrem\nEndger\u00e4t gespeichert bis Sie diese l\u00f6schen. Diese Cookies erm\u00f6glichen es\nuns, Ihren Browser beim n\u00e4chsten Besuch wiederzuerkennen.<\/p>\n\n\n\n<p>Sie k\u00f6nnen Ihren\nBrowser so einstellen, dass Sie \u00fcber das Setzen von Cookies informiert werden\nund<\/p>\n\n\n\n<p>5\/ 8<\/p>\n\n\n\n<p>Cookies nur im Einzelfall\nerlauben, die Annahme von Cookies f\u00fcr bestimmte F\u00e4lle oder generell\nausschlie\u00dfen sowie das automatische L\u00f6schen der Cookies beim Schlie\u00dfen des\nBrowser aktivieren. Bei der Deaktivierung von Cookies kann die Funktionalit\u00e4t\ndieser Website eingeschr\u00e4nkt sein.<\/p>\n\n\n\n<p>Cookies, die zur\nDurchf\u00fchrung des elektronischen Kommunikationsvorgangs oder zur Bereitstellung\nbestimmter, von Ihnen erw\u00fcnschter Funktionen (z.B. Warenkorbfunktion)\nerforderlich sind, werden auf Grundlage von Art. 6 Abs. 1 lit. f DSGVO gespeichert.\nDer Websitebetreiber hat ein berechtigtes Interesse an der Speicherung von\nCookies zur technisch fehlerfreien und optimierten Bereitstellung seiner\nDienste. Soweit andere Cookies (z.B. Cookies zur Analyse Ihres Surfverhaltens)\ngespeichert werden, werden diese in dieser Datenschutzerkl\u00e4rung gesondert\nbehandelt.<\/p>\n\n\n\n<p><strong>Kontaktformular<\/strong><\/p>\n\n\n\n<p>Wenn Sie uns per\nKontaktformular Anfragen zukommen lassen, werden Ihre Angaben aus dem\nAnfrageformular inklusive der von Ihnen dort angegebenen Kontaktdaten zwecks\nBearbeitung der Anfrage und f\u00fcr den Fall von Anschlussfragen bei uns\ngespeichert. Diese Daten geben wir nicht ohne Ihre Einwilligung weiter.<\/p>\n\n\n\n<p>Die Verarbeitung der\nin das Kontaktformular eingegebenen Daten erfolgt somit ausschlie\u00dflich auf\nGrundlage Ihrer Einwilligung (Art. 6 Abs. 1 lit. a DSGVO). Sie k\u00f6nnen diese\nEinwilligung jederzeit widerrufen. Dazu reicht eine formlose Mitteilung per\nE-Mail an uns. Die Rechtm\u00e4\u00dfigkeit der bis zum Widerruf erfolgten\nDatenverarbeitungsvorg\u00e4nge bleibt vom Widerruf unber\u00fchrt.<\/p>\n\n\n\n<p>Die von Ihnen im\nKontaktformular eingegebenen Daten verbleiben bei uns, bis Sie uns zur\nL\u00f6schung auffordern, Ihre Einwilligung zur Speicherung widerrufen oder der\nZweck f\u00fcr die Datenspeicherung entf\u00e4llt (z.B. nach abgeschlossener\nBearbeitung Ihrer Anfrage). Zwingende gesetzliche Bestimmungen \u2013 insbesondere\nAufbewahrungsfristen \u2013 bleiben unber\u00fchrt.<\/p>\n\n\n\n<p><strong>Anfrage per E-Mail, Telefon oder Telefax<\/strong><\/p>\n\n\n\n<p>Wenn Sie uns per\nE-Mail, Telefon oder Telefax kontaktieren, wird Ihre Anfrage inklusive aller\ndaraus hervorgehenden personenbezogenen Daten (Name, Anfrage) zum Zwecke der\nBearbeitung Ihres Anliegens bei uns gespeichert und verarbeitet. Diese Daten\ngeben wir nicht ohne Ihre Einwilligung weiter.<\/p>\n\n\n\n<p>Die Verarbeitung\ndieser Daten erfolgt auf Grundlage von Art. 6 Abs. 1 lit. b DSGVO, sofern Ihre\nAnfrage mit der Erf\u00fcllung eines Vertrags zusammenh\u00e4ngt oder zur Durchf\u00fchrung\nvorvertraglicher Ma\u00dfnahmen erforderlich ist. In allen \u00fcbrigen F\u00e4llen beruht\ndie Verarbeitung auf Ihrer Einwilligung (Art. 6 Abs. 1 lit. a DSGVO) und \/ oder\nauf unseren berechtigten Interessen (Art. 6 Abs. 1 lit. f DSGVO), da wir ein\nberechtigtes Interesse an der effektiven Bearbeitung der an uns gerichteten\nAnfragen haben.<\/p>\n\n\n\n<p>Die von Ihnen an uns\nper Kontaktanfragen \u00fcbersandten Daten verbleiben bei uns, bis Sie uns zur\nL\u00f6schung auffordern, Ihre Einwilligung zur Speicherung widerrufen oder der\nZweck f\u00fcr die Datenspeicherung entf\u00e4llt (z. B. nach abgeschlossener\nBearbeitung Ihres Anliegens). Zwingende gesetzliche Bestimmungen \u2013 insbesondere\ngesetzliche Aufbewahrungsfristen \u2013 bleiben unber\u00fchrt.<\/p>\n\n\n\n<p><strong>4. Analyse-Tools und\nWerbung<\/strong>&nbsp;<strong>1&amp;1 Web Analytics<\/strong><\/p>\n\n\n\n<p>Diese Website nutzt\ndie Analysedienste von 1&amp;1-Webanalytics. Anbieter ist die 1&amp;1 Internet\nSE, Elgendorfer Stra\u00dfe 57, D \u2013 56410 Montabaur. Im Rahmen der Analysen mit\n1&amp;1 k\u00f6nnen u. a. Besucherzahlen und \u2013verhalten (z. B. Anzahl der\nSeitenaufrufe, Dauer eines Webseitenbesuchs, Absprungraten), Besucherquellen\n(d. h., von welcher Seite der Besucher kommt), Besucherstandorte sowie\ntechnische Daten (Browser- und Betriebssystemversionen) analysiert werden. Zu\ndiesem Zweck speichert 1&amp;1 insbesondere<\/p>\n\n\n\n<p>6\/ 8<\/p>\n\n\n\n<p>folgende Daten:<\/p>\n\n\n\n<p>Referrer (zuvor\nbesuchte Webseite) angeforderte Webseite oder Datei Browsertyp und\nBrowserversion verwendetes Betriebssystem verwendeter Ger\u00e4tetyp<\/p>\n\n\n\n<p>Uhrzeit des Zugriffs<br>\nIP-Adresse in anonymisierter Form (wird nur zur Feststellung des Orts des\nZugriffs verwendet)<\/p>\n\n\n\n<p>Die Datenerfassung\nerfolgt laut 1&amp;1 vollst\u00e4ndig anonymisiert, sodass sie nicht zu einzelnen\nPersonen zur\u00fcckverfolgt werden kann. Cookies werden von 1&amp;1-Webanalytics\nnicht gespeichert.<\/p>\n\n\n\n<p>Die Speicherung und\nAnalyse der Daten erfolgt auf Grundlage von Art. 6 Abs. 1 lit. f DSGVO. Der\nWebsitebetreiber hat ein berechtigtes Interesse an der statistischen Analyse\ndes Nutzerverhaltens, um sowohl sein Webangebot als auch seine Werbung zu\noptimieren. Weitere Informationen zur Datenerfassung und Verarbeitung durch\n1&amp;1-Webanalytics entnehmen Sie folgenden Links:<\/p>\n\n\n\n<p>https:\/\/hosting.1und1.de\/hilfe\/datenschutz\/datenverarbeitung-von-webseitenbesuchern-ihres-company-\nname-produktes\/webanalytics\/<\/p>\n\n\n\n<p><strong>5. Plugins und Tools<\/strong>&nbsp;<strong>Google Maps<\/strong><\/p>\n\n\n\n<p>Diese Seite nutzt\n\u00fcber eine API den Kartendienst Google Maps. Anbieter ist die Google Ireland Limited (\u201cGoogle\u201d),\nGordon House, Barrow Street, Dublin 4, Irland.<\/p>\n\n\n\n<p>Zur Nutzung der\nFunktionen von Google Maps ist es notwendig, Ihre IP Adresse zu speichern.\nDiese Informationen werden in der Regel an einen Server von Google in den USA\n\u00fcbertragen und dort gespeichert. Der Anbieter dieser Seite hat keinen Einfluss\nauf diese Daten\u00fcbertragung.<\/p>\n\n\n\n<p>Die Nutzung von Google\nMaps erfolgt im Interesse einer ansprechenden Darstellung unserer Online-\nAngebote und an einer leichten Auffindbarkeit der von uns auf der Website\nangegebenen Orte. Dies stellt ein berechtigtes Interesse im Sinne von Art. 6\nAbs. 1 lit. f DSGVO dar.<\/p>\n\n\n\n<p>Mehr Informationen zum\nUmgang mit Nutzerdaten finden Sie in der Datenschutzerkl\u00e4rung von Google:&nbsp;https:\/\/policies.google.com\/privacy?hl=de.<\/p>\n\n\n\n<p>Quelle: https:\/\/www.e-recht24.de\/muster-datenschutzerklaerung.html <\/p>\n","protected":false},"excerpt":{"rendered":"<p>1. Datenschutz auf einen Blick&nbsp;Allgemeine Hinweise Die folgenden Hinweise geben einen einfachen \u00dcberblick dar\u00fcber, was mit Ihren personenbezogenen Daten passiert, wenn Sie unsere Website besuchen. Personenbezogene Daten sind alle Daten, mit denen Sie pers\u00f6nlich identifiziert werden k\u00f6nnen. Ausf\u00fchrliche Informationen zum Thema Datenschutz entnehmen Sie unserer unter diesem Text aufgef\u00fchrten Datenschutzerkl\u00e4rung. Datenerfassung auf unserer Website Wer &hellip; <\/p>\n<p class=\"link-more\"><a href=\"https:\/\/die-krabbe-norddeich.de\/?page_id=3\" class=\"more-link\"><span class=\"screen-reader-text\">\u201eDatenschutzerkl\u00e4rung\u201c <\/span>weiterlesen<\/a><\/p>\n","protected":false},"author":2,"featured_media":0,"parent":0,"menu_order":0,"comment_status":"closed","ping_status":"open","template":"","meta":{"ngg_post_thumbnail":0,"footnotes":""},"class_list":["post-3","page","type-page","status-publish","hentry"],"_links":{"self":[{"href":"https:\/\/die-krabbe-norddeich.de\/index.php?rest_route=\/wp\/v2\/pages\/3","targetHints":{"allow":["GET"]}}],"collection":[{"href":"https:\/\/die-krabbe-norddeich.de\/index.php?rest_route=\/wp\/v2\/pages"}],"about":[{"href":"https:\/\/die-krabbe-norddeich.de\/index.php?rest_route=\/wp\/v2\/types\/page"}],"author":[{"embeddable":true,"href":"https:\/\/die-krabbe-norddeich.de\/index.php?rest_route=\/wp\/v2\/users\/2"}],"replies":[{"embeddable":true,"href":"https:\/\/die-krabbe-norddeich.de\/index.php?rest_route=%2Fwp%2Fv2%2Fcomments&post=3"}],"version-history":[{"count":1,"href":"https:\/\/die-krabbe-norddeich.de\/index.php?rest_route=\/wp\/v2\/pages\/3\/revisions"}],"predecessor-version":[{"id":54,"href":"https:\/\/die-krabbe-norddeich.de\/index.php?rest_route=\/wp\/v2\/pages\/3\/revisions\/54"}],"wp:attachment":[{"href":"https:\/\/die-krabbe-norddeich.de\/index.php?rest_route=%2Fwp%2Fv2%2Fmedia&parent=3"}],"curies":[{"name":"wp","href":"https:\/\/api.w.org\/{rel}","templated":true}]}}