{"id":23,"date":"2020-03-22T13:54:22","date_gmt":"2020-03-22T13:54:22","guid":{"rendered":"https:\/\/die-krabbe-norddeich.de\/?page_id=23"},"modified":"2020-06-04T17:57:39","modified_gmt":"2020-06-04T16:57:39","slug":"fotos","status":"publish","type":"page","link":"https:\/\/die-krabbe-norddeich.de\/?page_id=23","title":{"rendered":"Die Wohnung"},"content":{"rendered":"\n<div class=\"wp-block-media-text alignwide is-stacked-on-mobile\"><figure class=\"wp-block-media-text__media\"><img fetchpriority=\"high\" decoding=\"async\" width=\"1024\" height=\"576\" src=\"https:\/\/die-krabbe-norddeich.de\/wp-content\/uploads\/2020\/05\/IMG_5794-1024x576.jpeg\" alt=\"\" class=\"wp-image-144\" srcset=\"https:\/\/die-krabbe-norddeich.de\/wp-content\/uploads\/2020\/05\/IMG_5794-1024x576.jpeg 1024w, https:\/\/die-krabbe-norddeich.de\/wp-content\/uploads\/2020\/05\/IMG_5794-300x169.jpeg 300w, https:\/\/die-krabbe-norddeich.de\/wp-content\/uploads\/2020\/05\/IMG_5794-768x432.jpeg 768w, https:\/\/die-krabbe-norddeich.de\/wp-content\/uploads\/2020\/05\/IMG_5794-1536x864.jpeg 1536w, https:\/\/die-krabbe-norddeich.de\/wp-content\/uploads\/2020\/05\/IMG_5794-2048x1152.jpeg 2048w\" sizes=\"(max-width: 767px) 89vw, (max-width: 1000px) 54vw, (max-width: 1071px) 543px, 580px\" \/><\/figure><div class=\"wp-block-media-text__content\">\n<p>Ein perfekter Urlaub f\u00fcr Gro\u00df und Klein\u00a0beginnt in der Ferienwohnung HAUS NORDMEER &#8211; DIE KRABBE. Hier haben Sie nicht nur  eine gem\u00fctliche und komfortable Unterkunft, sondern finden auch stets ein offenes Ohr f\u00fcr Ihre W\u00fcnsche.<\/p>\n\n\n\n<p>Egal ob Sie sich erholen wollen, oder spannende Ausfl\u00fcge in die Region unternehmen m\u00f6chten: Die Ferienwohnung ist durch ihre ruhige, aber zentrale Lage der ideale Ausgangspunkt f\u00fcr die verschiedensten Aktivit\u00e4ten. Gerne gebe ich Ihnen auch pers\u00f6nlich weitere Tipps , um hier in Ostfriesland eine sch\u00f6ne Zeit zu verbringen. Ich bin pers\u00f6nlich vor Ort und kann jederzeit auf Ihre Fragen zu lokalen Gegebenheiten Auskunft geben. <\/p>\n<\/div><\/div>\n\n\n\n<p>Die Ferienwohnung im ersten Obergeschoss steht f\u00fcr Sie bereit. Zur Ausstattung geh\u00f6ren Kabel-TV, Duschbad mit Fenster und komplett eingerichtete K\u00fcche mit Geschirrsp\u00fcler. im zweiten Schlafzimmer gibt es Platz f\u00fcr 2 Kinder oder einen weiteren Erwachsenen mit einem 1.4m breitem Bett. Ein G\u00e4ste-Wlan ist ebenfalls verf\u00fcgbar.<\/p>\n\n\n\n<p>Ihr Fahrzeug findet in meiner Einfahrt ebenfalls einen sicheren Platz.<\/p>\n\n\n\n<figure class=\"wp-block-gallery aligncenter columns-2 is-cropped wp-block-gallery-2 is-layout-flex wp-block-gallery-is-layout-flex\"><ul class=\"blocks-gallery-grid\"><li class=\"blocks-gallery-item\"><figure><img decoding=\"async\" width=\"1024\" height=\"683\" src=\"https:\/\/die-krabbe-norddeich.de\/wp-content\/uploads\/2020\/06\/IMG_0762-1024x683.jpg\" alt=\"\" data-id=\"166\" data-full-url=\"https:\/\/die-krabbe-norddeich.de\/wp-content\/uploads\/2020\/06\/IMG_0762-scaled.jpg\" data-link=\"https:\/\/die-krabbe-norddeich.de\/?attachment_id=166\" class=\"wp-image-166\" srcset=\"https:\/\/die-krabbe-norddeich.de\/wp-content\/uploads\/2020\/06\/IMG_0762-1024x683.jpg 1024w, https:\/\/die-krabbe-norddeich.de\/wp-content\/uploads\/2020\/06\/IMG_0762-300x200.jpg 300w, https:\/\/die-krabbe-norddeich.de\/wp-content\/uploads\/2020\/06\/IMG_0762-768x512.jpg 768w, https:\/\/die-krabbe-norddeich.de\/wp-content\/uploads\/2020\/06\/IMG_0762-1536x1024.jpg 1536w, https:\/\/die-krabbe-norddeich.de\/wp-content\/uploads\/2020\/06\/IMG_0762-2048x1365.jpg 2048w\" sizes=\"(max-width: 767px) 89vw, (max-width: 1000px) 54vw, (max-width: 1071px) 543px, 580px\" \/><\/figure><\/li><li class=\"blocks-gallery-item\"><figure><img decoding=\"async\" width=\"1024\" height=\"683\" src=\"https:\/\/die-krabbe-norddeich.de\/wp-content\/uploads\/2020\/06\/IMG_0764-1024x683.jpg\" alt=\"\" data-id=\"167\" data-full-url=\"https:\/\/die-krabbe-norddeich.de\/wp-content\/uploads\/2020\/06\/IMG_0764-scaled.jpg\" data-link=\"https:\/\/die-krabbe-norddeich.de\/?attachment_id=167\" class=\"wp-image-167\" srcset=\"https:\/\/die-krabbe-norddeich.de\/wp-content\/uploads\/2020\/06\/IMG_0764-1024x683.jpg 1024w, https:\/\/die-krabbe-norddeich.de\/wp-content\/uploads\/2020\/06\/IMG_0764-300x200.jpg 300w, https:\/\/die-krabbe-norddeich.de\/wp-content\/uploads\/2020\/06\/IMG_0764-768x512.jpg 768w, https:\/\/die-krabbe-norddeich.de\/wp-content\/uploads\/2020\/06\/IMG_0764-1536x1024.jpg 1536w, https:\/\/die-krabbe-norddeich.de\/wp-content\/uploads\/2020\/06\/IMG_0764-2048x1365.jpg 2048w\" sizes=\"(max-width: 767px) 89vw, (max-width: 1000px) 54vw, (max-width: 1071px) 543px, 580px\" \/><\/figure><\/li><li class=\"blocks-gallery-item\"><figure><img loading=\"lazy\" decoding=\"async\" width=\"1024\" height=\"683\" src=\"https:\/\/die-krabbe-norddeich.de\/wp-content\/uploads\/2020\/06\/IMG_0769-1024x683.jpg\" alt=\"\" data-id=\"168\" data-full-url=\"https:\/\/die-krabbe-norddeich.de\/wp-content\/uploads\/2020\/06\/IMG_0769-scaled.jpg\" data-link=\"https:\/\/die-krabbe-norddeich.de\/?attachment_id=168\" class=\"wp-image-168\" srcset=\"https:\/\/die-krabbe-norddeich.de\/wp-content\/uploads\/2020\/06\/IMG_0769-1024x683.jpg 1024w, https:\/\/die-krabbe-norddeich.de\/wp-content\/uploads\/2020\/06\/IMG_0769-300x200.jpg 300w, https:\/\/die-krabbe-norddeich.de\/wp-content\/uploads\/2020\/06\/IMG_0769-768x512.jpg 768w, https:\/\/die-krabbe-norddeich.de\/wp-content\/uploads\/2020\/06\/IMG_0769-1536x1024.jpg 1536w, https:\/\/die-krabbe-norddeich.de\/wp-content\/uploads\/2020\/06\/IMG_0769-2048x1365.jpg 2048w\" sizes=\"(max-width: 767px) 89vw, (max-width: 1000px) 54vw, (max-width: 1071px) 543px, 580px\" \/><\/figure><\/li><li class=\"blocks-gallery-item\"><figure><img loading=\"lazy\" decoding=\"async\" width=\"1024\" height=\"683\" src=\"https:\/\/die-krabbe-norddeich.de\/wp-content\/uploads\/2020\/06\/IMG_0770-1024x683.jpg\" alt=\"\" data-id=\"169\" data-full-url=\"https:\/\/die-krabbe-norddeich.de\/wp-content\/uploads\/2020\/06\/IMG_0770-scaled.jpg\" data-link=\"https:\/\/die-krabbe-norddeich.de\/?attachment_id=169\" class=\"wp-image-169\" srcset=\"https:\/\/die-krabbe-norddeich.de\/wp-content\/uploads\/2020\/06\/IMG_0770-1024x683.jpg 1024w, https:\/\/die-krabbe-norddeich.de\/wp-content\/uploads\/2020\/06\/IMG_0770-300x200.jpg 300w, https:\/\/die-krabbe-norddeich.de\/wp-content\/uploads\/2020\/06\/IMG_0770-768x512.jpg 768w, https:\/\/die-krabbe-norddeich.de\/wp-content\/uploads\/2020\/06\/IMG_0770-1536x1024.jpg 1536w, https:\/\/die-krabbe-norddeich.de\/wp-content\/uploads\/2020\/06\/IMG_0770-2048x1365.jpg 2048w\" sizes=\"(max-width: 767px) 89vw, (max-width: 1000px) 54vw, (max-width: 1071px) 543px, 580px\" \/><\/figure><\/li><li class=\"blocks-gallery-item\"><figure><img loading=\"lazy\" decoding=\"async\" width=\"1024\" height=\"683\" src=\"https:\/\/die-krabbe-norddeich.de\/wp-content\/uploads\/2020\/06\/IMG_0771-1024x683.jpg\" alt=\"\" data-id=\"170\" data-full-url=\"https:\/\/die-krabbe-norddeich.de\/wp-content\/uploads\/2020\/06\/IMG_0771-scaled.jpg\" data-link=\"https:\/\/die-krabbe-norddeich.de\/?attachment_id=170\" class=\"wp-image-170\" srcset=\"https:\/\/die-krabbe-norddeich.de\/wp-content\/uploads\/2020\/06\/IMG_0771-1024x683.jpg 1024w, https:\/\/die-krabbe-norddeich.de\/wp-content\/uploads\/2020\/06\/IMG_0771-300x200.jpg 300w, https:\/\/die-krabbe-norddeich.de\/wp-content\/uploads\/2020\/06\/IMG_0771-768x512.jpg 768w, https:\/\/die-krabbe-norddeich.de\/wp-content\/uploads\/2020\/06\/IMG_0771-1536x1024.jpg 1536w, https:\/\/die-krabbe-norddeich.de\/wp-content\/uploads\/2020\/06\/IMG_0771-2048x1365.jpg 2048w\" sizes=\"(max-width: 767px) 89vw, (max-width: 1000px) 54vw, (max-width: 1071px) 543px, 580px\" \/><\/figure><\/li><li class=\"blocks-gallery-item\"><figure><img loading=\"lazy\" decoding=\"async\" width=\"1024\" height=\"683\" src=\"https:\/\/die-krabbe-norddeich.de\/wp-content\/uploads\/2020\/06\/IMG_0768-1024x683.jpg\" alt=\"\" data-id=\"171\" data-full-url=\"https:\/\/die-krabbe-norddeich.de\/wp-content\/uploads\/2020\/06\/IMG_0768-scaled.jpg\" data-link=\"https:\/\/die-krabbe-norddeich.de\/?attachment_id=171\" class=\"wp-image-171\" srcset=\"https:\/\/die-krabbe-norddeich.de\/wp-content\/uploads\/2020\/06\/IMG_0768-1024x683.jpg 1024w, https:\/\/die-krabbe-norddeich.de\/wp-content\/uploads\/2020\/06\/IMG_0768-300x200.jpg 300w, https:\/\/die-krabbe-norddeich.de\/wp-content\/uploads\/2020\/06\/IMG_0768-768x512.jpg 768w, https:\/\/die-krabbe-norddeich.de\/wp-content\/uploads\/2020\/06\/IMG_0768-1536x1024.jpg 1536w, https:\/\/die-krabbe-norddeich.de\/wp-content\/uploads\/2020\/06\/IMG_0768-2048x1365.jpg 2048w\" sizes=\"(max-width: 767px) 89vw, (max-width: 1000px) 54vw, (max-width: 1071px) 543px, 580px\" \/><\/figure><\/li><li class=\"blocks-gallery-item\"><figure><img loading=\"lazy\" decoding=\"async\" width=\"1024\" height=\"683\" src=\"https:\/\/die-krabbe-norddeich.de\/wp-content\/uploads\/2020\/06\/IMG_0765-1024x683.jpg\" alt=\"\" data-id=\"172\" data-full-url=\"https:\/\/die-krabbe-norddeich.de\/wp-content\/uploads\/2020\/06\/IMG_0765-scaled.jpg\" data-link=\"https:\/\/die-krabbe-norddeich.de\/?attachment_id=172\" class=\"wp-image-172\" srcset=\"https:\/\/die-krabbe-norddeich.de\/wp-content\/uploads\/2020\/06\/IMG_0765-1024x683.jpg 1024w, https:\/\/die-krabbe-norddeich.de\/wp-content\/uploads\/2020\/06\/IMG_0765-300x200.jpg 300w, https:\/\/die-krabbe-norddeich.de\/wp-content\/uploads\/2020\/06\/IMG_0765-768x512.jpg 768w, https:\/\/die-krabbe-norddeich.de\/wp-content\/uploads\/2020\/06\/IMG_0765-1536x1024.jpg 1536w, https:\/\/die-krabbe-norddeich.de\/wp-content\/uploads\/2020\/06\/IMG_0765-2048x1365.jpg 2048w\" sizes=\"(max-width: 767px) 89vw, (max-width: 1000px) 54vw, (max-width: 1071px) 543px, 580px\" \/><\/figure><\/li><li class=\"blocks-gallery-item\"><figure><img loading=\"lazy\" decoding=\"async\" width=\"685\" height=\"1024\" src=\"https:\/\/die-krabbe-norddeich.de\/wp-content\/uploads\/2020\/05\/DSC_0012-685x1024.jpg\" alt=\"\" data-id=\"130\" data-full-url=\"https:\/\/die-krabbe-norddeich.de\/wp-content\/uploads\/2020\/05\/DSC_0012-scaled.jpg\" data-link=\"https:\/\/die-krabbe-norddeich.de\/?attachment_id=130\" class=\"wp-image-130\" srcset=\"https:\/\/die-krabbe-norddeich.de\/wp-content\/uploads\/2020\/05\/DSC_0012-685x1024.jpg 685w, https:\/\/die-krabbe-norddeich.de\/wp-content\/uploads\/2020\/05\/DSC_0012-201x300.jpg 201w, https:\/\/die-krabbe-norddeich.de\/wp-content\/uploads\/2020\/05\/DSC_0012-768x1147.jpg 768w, https:\/\/die-krabbe-norddeich.de\/wp-content\/uploads\/2020\/05\/DSC_0012-1028x1536.jpg 1028w, https:\/\/die-krabbe-norddeich.de\/wp-content\/uploads\/2020\/05\/DSC_0012-1371x2048.jpg 1371w, https:\/\/die-krabbe-norddeich.de\/wp-content\/uploads\/2020\/05\/DSC_0012-scaled.jpg 1714w\" sizes=\"(max-width: 685px) 100vw, 685px\" \/><\/figure><\/li><li class=\"blocks-gallery-item\"><figure><img loading=\"lazy\" decoding=\"async\" width=\"1024\" height=\"683\" src=\"https:\/\/die-krabbe-norddeich.de\/wp-content\/uploads\/2020\/06\/IMG_0763-1024x683.jpg\" alt=\"\" data-id=\"173\" data-full-url=\"https:\/\/die-krabbe-norddeich.de\/wp-content\/uploads\/2020\/06\/IMG_0763-scaled.jpg\" data-link=\"https:\/\/die-krabbe-norddeich.de\/?attachment_id=173\" class=\"wp-image-173\" srcset=\"https:\/\/die-krabbe-norddeich.de\/wp-content\/uploads\/2020\/06\/IMG_0763-1024x683.jpg 1024w, https:\/\/die-krabbe-norddeich.de\/wp-content\/uploads\/2020\/06\/IMG_0763-300x200.jpg 300w, https:\/\/die-krabbe-norddeich.de\/wp-content\/uploads\/2020\/06\/IMG_0763-768x512.jpg 768w, https:\/\/die-krabbe-norddeich.de\/wp-content\/uploads\/2020\/06\/IMG_0763-1536x1024.jpg 1536w, https:\/\/die-krabbe-norddeich.de\/wp-content\/uploads\/2020\/06\/IMG_0763-2048x1365.jpg 2048w\" sizes=\"(max-width: 767px) 89vw, (max-width: 1000px) 54vw, (max-width: 1071px) 543px, 580px\" \/><\/figure><\/li><\/ul><\/figure>\n","protected":false},"excerpt":{"rendered":"<p>Ein perfekter Urlaub f\u00fcr Gro\u00df und Klein\u00a0beginnt in der Ferienwohnung HAUS NORDMEER &#8211; DIE KRABBE. Hier haben Sie nicht nur eine gem\u00fctliche und komfortable Unterkunft, sondern finden auch stets ein offenes Ohr f\u00fcr Ihre W\u00fcnsche. Egal ob Sie sich erholen wollen, oder spannende Ausfl\u00fcge in die Region unternehmen m\u00f6chten: Die Ferienwohnung ist durch ihre ruhige, &hellip; <\/p>\n<p class=\"link-more\"><a href=\"https:\/\/die-krabbe-norddeich.de\/?page_id=23\" class=\"more-link\"><span class=\"screen-reader-text\">\u201eDie Wohnung\u201c <\/span>weiterlesen<\/a><\/p>\n","protected":false},"author":2,"featured_media":0,"parent":0,"menu_order":0,"comment_status":"closed","ping_status":"closed","template":"","meta":{"ngg_post_thumbnail":0,"footnotes":""},"class_list":["post-23","page","type-page","status-publish","hentry"],"_links":{"self":[{"href":"https:\/\/die-krabbe-norddeich.de\/index.php?rest_route=\/wp\/v2\/pages\/23","targetHints":{"allow":["GET"]}}],"collection":[{"href":"https:\/\/die-krabbe-norddeich.de\/index.php?rest_route=\/wp\/v2\/pages"}],"about":[{"href":"https:\/\/die-krabbe-norddeich.de\/index.php?rest_route=\/wp\/v2\/types\/page"}],"author":[{"embeddable":true,"href":"https:\/\/die-krabbe-norddeich.de\/index.php?rest_route=\/wp\/v2\/users\/2"}],"replies":[{"embeddable":true,"href":"https:\/\/die-krabbe-norddeich.de\/index.php?rest_route=%2Fwp%2Fv2%2Fcomments&post=23"}],"version-history":[{"count":12,"href":"https:\/\/die-krabbe-norddeich.de\/index.php?rest_route=\/wp\/v2\/pages\/23\/revisions"}],"predecessor-version":[{"id":182,"href":"https:\/\/die-krabbe-norddeich.de\/index.php?rest_route=\/wp\/v2\/pages\/23\/revisions\/182"}],"wp:attachment":[{"href":"https:\/\/die-krabbe-norddeich.de\/index.php?rest_route=%2Fwp%2Fv2%2Fmedia&parent=23"}],"curies":[{"name":"wp","href":"https:\/\/api.w.org\/{rel}","templated":true}]}}